{"id":2,"date":"2024-09-24T15:21:48","date_gmt":"2024-09-24T13:21:48","guid":{"rendered":"https:\/\/www.e-thix.eu\/?page_id=2"},"modified":"2026-02-24T11:26:01","modified_gmt":"2026-02-24T10:26:01","slug":"accueil","status":"publish","type":"page","link":"https:\/\/www.e-thix.eu\/en\/","title":{"rendered":"Home"},"content":{"rendered":"","protected":false},"excerpt":{"rendered":"","protected":false},"author":1,"featured_media":0,"parent":0,"menu_order":1,"comment_status":"closed","ping_status":"closed","template":"page-home.php","meta":{"_acf_changed":false,"footnotes":""},"class_list":["post-2","page","type-page","status-publish","hentry"],"acf":[],"yoast_head":"<!-- This site is optimized with the Yoast SEO plugin v27.2 - https:\/\/yoast.com\/product\/yoast-seo-wordpress\/ -->\n<title>e-thiX education - Organisme de formation - recherche scientifique et \u00e9thique des animaux<\/title>\n<meta name=\"description\" content=\"e-thiX education est un organisme de formation sp\u00e9cialis\u00e9 dans l\u2019utilisation \u00e9thique des animaux \u00e0 des fins scientifiques et leurs m\u00e9thodes alternatives.\" \/>\n<meta name=\"robots\" content=\"index, follow, max-snippet:-1, max-image-preview:large, max-video-preview:-1\" \/>\n<link rel=\"canonical\" href=\"https:\/\/www.e-thix.eu\/en\/\" \/>\n<meta property=\"og:locale\" content=\"en_GB\" \/>\n<meta property=\"og:type\" content=\"article\" \/>\n<meta property=\"og:title\" content=\"e-thiX education - Organisme de formation - recherche scientifique et \u00e9thique des animaux\" \/>\n<meta property=\"og:description\" content=\"e-thiX education est un organisme de formation sp\u00e9cialis\u00e9 dans l\u2019utilisation \u00e9thique des animaux \u00e0 des fins scientifiques et leurs m\u00e9thodes alternatives.\" \/>\n<meta property=\"og:url\" content=\"https:\/\/www.e-thix.eu\/en\/\" \/>\n<meta property=\"og:site_name\" content=\"e-thiX education\" \/>\n<meta property=\"article:modified_time\" content=\"2026-02-24T10:26:01+00:00\" \/>\n<meta name=\"twitter:card\" content=\"summary_large_image\" \/>\n<meta name=\"twitter:label1\" content=\"Estimated reading time\" \/>\n\t<meta name=\"twitter:data1\" content=\"4 minutes\" \/>\n<script type=\"application\/ld+json\" class=\"yoast-schema-graph\">{\"@context\":\"https:\/\/schema.org\",\"@graph\":[{\"@type\":\"WebPage\",\"@id\":\"https:\/\/www.e-thix.eu\/\",\"url\":\"https:\/\/www.e-thix.eu\/\",\"name\":\"e-thiX education - Organisme de formation - recherche scientifique et \u00e9thique des animaux\",\"isPartOf\":{\"@id\":\"https:\/\/www.e-thix.eu\/#website\"},\"datePublished\":\"2024-09-24T13:21:48+00:00\",\"dateModified\":\"2026-02-24T10:26:01+00:00\",\"description\":\"e-thiX education est un organisme de formation sp\u00e9cialis\u00e9 dans l\u2019utilisation \u00e9thique des animaux \u00e0 des fins scientifiques et leurs m\u00e9thodes alternatives.\",\"breadcrumb\":{\"@id\":\"https:\/\/www.e-thix.eu\/#breadcrumb\"},\"inLanguage\":\"en-GB\",\"potentialAction\":[{\"@type\":\"ReadAction\",\"target\":[\"https:\/\/www.e-thix.eu\/\"]}]},{\"@type\":\"BreadcrumbList\",\"@id\":\"https:\/\/www.e-thix.eu\/#breadcrumb\",\"itemListElement\":[{\"@type\":\"ListItem\",\"position\":1,\"name\":\"Accueil\",\"item\":\"https:\/\/www.e-thix.eu\/\"},{\"@type\":\"ListItem\",\"position\":2,\"name\":\"Accueil\"}]},{\"@type\":\"WebSite\",\"@id\":\"https:\/\/www.e-thix.eu\/#website\",\"url\":\"https:\/\/www.e-thix.eu\/\",\"name\":\"e-thiX education\",\"description\":\"La connaissance \u00e0 port\u00e9e de main\",\"publisher\":{\"@id\":\"https:\/\/www.e-thix.eu\/#organization\"},\"potentialAction\":[{\"@type\":\"SearchAction\",\"target\":{\"@type\":\"EntryPoint\",\"urlTemplate\":\"https:\/\/www.e-thix.eu\/?s={search_term_string}\"},\"query-input\":{\"@type\":\"PropertyValueSpecification\",\"valueRequired\":true,\"valueName\":\"search_term_string\"}}],\"inLanguage\":\"en-GB\"},{\"@type\":\"Organization\",\"@id\":\"https:\/\/www.e-thix.eu\/#organization\",\"name\":\"e-thiX education\",\"url\":\"https:\/\/www.e-thix.eu\/\",\"logo\":{\"@type\":\"ImageObject\",\"inLanguage\":\"en-GB\",\"@id\":\"https:\/\/www.e-thix.eu\/#\/schema\/logo\/image\/\",\"url\":\"https:\/\/www.e-thix.eu\/wp-content\/uploads\/2024\/10\/logo_light_h.svg\",\"contentUrl\":\"https:\/\/www.e-thix.eu\/wp-content\/uploads\/2024\/10\/logo_light_h.svg\",\"caption\":\"e-thiX education\"},\"image\":{\"@id\":\"https:\/\/www.e-thix.eu\/#\/schema\/logo\/image\/\"}}]}<\/script>\n<!-- \/ Yoast SEO plugin. -->","yoast_head_json":{"title":"e-thiX education - Training organisation - scientific research and animal ethics","description":"e-thiX education is a training organisation specialising in the ethical use of animals for scientific purposes and alternative methods.","robots":{"index":"index","follow":"follow","max-snippet":"max-snippet:-1","max-image-preview":"max-image-preview:large","max-video-preview":"max-video-preview:-1"},"canonical":"https:\/\/www.e-thix.eu\/en\/","og_locale":"en_GB","og_type":"article","og_title":"e-thiX education - Organisme de formation - recherche scientifique et \u00e9thique des animaux","og_description":"e-thiX education est un organisme de formation sp\u00e9cialis\u00e9 dans l\u2019utilisation \u00e9thique des animaux \u00e0 des fins scientifiques et leurs m\u00e9thodes alternatives.","og_url":"https:\/\/www.e-thix.eu\/en\/","og_site_name":"e-thiX education","article_modified_time":"2026-02-24T10:26:01+00:00","twitter_card":"summary_large_image","twitter_misc":{"Estimated reading time":"4 minutes"},"schema":{"@context":"https:\/\/schema.org","@graph":[{"@type":"WebPage","@id":"https:\/\/www.e-thix.eu\/","url":"https:\/\/www.e-thix.eu\/","name":"e-thiX education - Training organisation - scientific research and animal ethics","isPartOf":{"@id":"https:\/\/www.e-thix.eu\/#website"},"datePublished":"2024-09-24T13:21:48+00:00","dateModified":"2026-02-24T10:26:01+00:00","description":"e-thiX education is a training organisation specialising in the ethical use of animals for scientific purposes and alternative methods.","breadcrumb":{"@id":"https:\/\/www.e-thix.eu\/#breadcrumb"},"inLanguage":"en-GB","potentialAction":[{"@type":"ReadAction","target":["https:\/\/www.e-thix.eu\/"]}]},{"@type":"BreadcrumbList","@id":"https:\/\/www.e-thix.eu\/#breadcrumb","itemListElement":[{"@type":"ListItem","position":1,"name":"Accueil","item":"https:\/\/www.e-thix.eu\/"},{"@type":"ListItem","position":2,"name":"Accueil"}]},{"@type":"WebSite","@id":"https:\/\/www.e-thix.eu\/#website","url":"https:\/\/www.e-thix.eu\/","name":"e-thiX education","description":"Knowledge at your fingertips","publisher":{"@id":"https:\/\/www.e-thix.eu\/#organization"},"potentialAction":[{"@type":"SearchAction","target":{"@type":"EntryPoint","urlTemplate":"https:\/\/www.e-thix.eu\/?s={search_term_string}"},"query-input":{"@type":"PropertyValueSpecification","valueRequired":true,"valueName":"search_term_string"}}],"inLanguage":"en-GB"},{"@type":"Organization","@id":"https:\/\/www.e-thix.eu\/#organization","name":"e-thiX education","url":"https:\/\/www.e-thix.eu\/","logo":{"@type":"ImageObject","inLanguage":"en-GB","@id":"https:\/\/www.e-thix.eu\/#\/schema\/logo\/image\/","url":"https:\/\/www.e-thix.eu\/wp-content\/uploads\/2024\/10\/logo_light_h.svg","contentUrl":"https:\/\/www.e-thix.eu\/wp-content\/uploads\/2024\/10\/logo_light_h.svg","caption":"e-thiX education"},"image":{"@id":"https:\/\/www.e-thix.eu\/#\/schema\/logo\/image\/"}}]}},"_links":{"self":[{"href":"https:\/\/www.e-thix.eu\/en\/wp-json\/wp\/v2\/pages\/2","targetHints":{"allow":["GET"]}}],"collection":[{"href":"https:\/\/www.e-thix.eu\/en\/wp-json\/wp\/v2\/pages"}],"about":[{"href":"https:\/\/www.e-thix.eu\/en\/wp-json\/wp\/v2\/types\/page"}],"author":[{"embeddable":true,"href":"https:\/\/www.e-thix.eu\/en\/wp-json\/wp\/v2\/users\/1"}],"replies":[{"embeddable":true,"href":"https:\/\/www.e-thix.eu\/en\/wp-json\/wp\/v2\/comments?post=2"}],"version-history":[{"count":3,"href":"https:\/\/www.e-thix.eu\/en\/wp-json\/wp\/v2\/pages\/2\/revisions"}],"predecessor-version":[{"id":1719,"href":"https:\/\/www.e-thix.eu\/en\/wp-json\/wp\/v2\/pages\/2\/revisions\/1719"}],"wp:attachment":[{"href":"https:\/\/www.e-thix.eu\/en\/wp-json\/wp\/v2\/media?parent=2"}],"curies":[{"name":"wp","href":"https:\/\/api.w.org\/{rel}","templated":true}]}}