{"id":134,"date":"2024-09-25T14:52:12","date_gmt":"2024-09-25T12:52:12","guid":{"rendered":"https:\/\/www.e-thix.eu\/?page_id=134"},"modified":"2024-11-28T15:10:04","modified_gmt":"2024-11-28T14:10:04","slug":"forum","status":"publish","type":"page","link":"https:\/\/www.e-thix.eu\/en\/forum\/","title":{"rendered":"Forum"},"content":{"rendered":"<div style=\"max-width: 1000px; margin: 0 auto;\">\n<p><strong>Welcome to our secure discussion forum<\/strong><\/p>\n<p>This space is designed to allow you to share your experiences, ideas and questions freely and safely.<\/p>\n<p>Whether you're here to share your practices or find solutions to your challenges, this forum is the ideal place to build a community of mutual support and reflection.<\/p>\n<p>Feel free to ask your questions, react to other participants' publications, or initiate constructive debates.<\/p>\n<p>Your contributions enrich this space and contribute to our collective progress. Together, let's make this forum a dynamic and caring platform!<\/p>\n<\/div>\n<p>&nbsp;<\/p>\n<div id=\"af-wrapper\"><div id=\"forum-header\"><div id=\"forum-navigation-mobile\"><a><span class=\"fas fa-bars\"><\/span>Menu<\/a><\/div><span class=\"screen-reader-text\">Forum Navigation<\/span><div id=\"forum-navigation\"><a class=\"home-link\" href=\"https:\/\/www.e-thix.eu\/en\/forum\" target=\"_self\">Forum<\/a><a class=\"activity-link\" href=\"https:\/\/www.e-thix.eu\/en\/forum\/activity\/\" target=\"_self\">Activity<\/a><a class=\"login-link\" href=\"https:\/\/www.e-thix.eu\/wp-login.php?redirect_to=https%3A%2F%2Fwww.e-thix.eu%2Fen%2Fwp-json%2Fwp%2Fv2%2Fpages%2F134\" target=\"_self\">Login<\/a><\/div><div id=\"forum-search\"><span class=\"search-icon fas fa-search\"><\/span><form method=\"get\" action=\"https:\/\/www.e-thix.eu\/en\/forum\/search\/\" data-trp-original-action=\"https:\/\/www.e-thix.eu\/en\/forum\/search\/\"><input name=\"keywords\" type=\"search\" placeholder=\"Search ...\" value=\"\"><input type=\"hidden\" name=\"trp-form-language\" value=\"en\"\/><\/form><\/div><div class=\"clear\"><\/div><\/div><div id=\"forum-breadcrumbs\" itemscope itemtype=\"http:\/\/schema.org\/BreadcrumbList\"><span class=\"screen-reader-text\">Forum breadcrumbs - You are here:<\/span><span class=\"breadcrumb-icon fas fa-home\"><\/span><span itemprop=\"itemListElement\" itemscope itemtype=\"https:\/\/schema.org\/ListItem\"><a itemprop=\"item\" href=\"https:\/\/www.e-thix.eu\/en\/forum\" title=\"Forum\"><span itemprop=\"name\">Forum<\/span><\/a><meta itemprop=\"position\" content=\"1\"><\/span><span class=\"breadcrumb-icon fas fa-chevron-right separator\"><\/span><\/div><h1 class=\"main-title main-title-\">Forum<\/h1><div class=\"title-element\" id=\"forum-category-21\">General<span class=\"last-post-headline\">Last post<\/span><\/div><div class=\"content-container\"><div class=\"content-element forum\" id=\"forum-5\"><div class=\"forum-status read\"><i class=\"fas fa-comments\"><\/i><\/div><div class=\"forum-name\"><a class=\"forum-title\" href=\"https:\/\/www.e-thix.eu\/en\/forum\/forum\/reglementation\/\">Regulations<\/a><small class=\"forum-stats\">0 Topics&nbsp;&middot;&nbsp;0 Posts<\/small><small class=\"forum-lastpost-small\"><small class=\"no-topics\">No topics yet!<\/small><\/small><\/div><div class=\"forum-poster\"><small class=\"no-topics\">No topics yet!<\/small><\/div><\/div><div class=\"content-element forum\" id=\"forum-6\"><div class=\"forum-status read\"><i class=\"fas fa-comments\"><\/i><\/div><div class=\"forum-name\"><a class=\"forum-title\" href=\"https:\/\/www.e-thix.eu\/en\/forum\/forum\/lignees-danimaux\/\">Animal lines<\/a><small class=\"forum-stats\">0 Topics&nbsp;&middot;&nbsp;0 Posts<\/small><small class=\"forum-lastpost-small\"><small class=\"no-topics\">No topics yet!<\/small><\/small><\/div><div class=\"forum-poster\"><small class=\"no-topics\">No topics yet!<\/small><\/div><\/div><div class=\"content-element forum\" id=\"forum-7\"><div class=\"forum-status read\"><i class=\"fas fa-comments\"><\/i><\/div><div class=\"forum-name\"><a class=\"forum-title\" href=\"https:\/\/www.e-thix.eu\/en\/forum\/forum\/equipements-instruments\/\">Equipment \/ instruments<\/a><small class=\"forum-stats\">0 Topics&nbsp;&middot;&nbsp;0 Posts<\/small><small class=\"forum-lastpost-small\"><small class=\"no-topics\">No topics yet!<\/small><\/small><\/div><div class=\"forum-poster\"><small class=\"no-topics\">No topics yet!<\/small><\/div><\/div><div class=\"content-element forum\" id=\"forum-8\"><div class=\"forum-status read\"><i class=\"fas fa-comments\"><\/i><\/div><div class=\"forum-name\"><a class=\"forum-title\" href=\"https:\/\/www.e-thix.eu\/en\/forum\/forum\/gestes-techniques-procedures\/\">Technical gestures \/ procedures<\/a><small class=\"forum-stats\">0 Topics&nbsp;&middot;&nbsp;0 Posts<\/small><small class=\"forum-lastpost-small\"><small class=\"no-topics\">No topics yet!<\/small><\/small><\/div><div class=\"forum-poster\"><small class=\"no-topics\">No topics yet!<\/small><\/div><\/div><div class=\"content-element forum\" id=\"forum-9\"><div class=\"forum-status read\"><i class=\"fas fa-comments\"><\/i><\/div><div class=\"forum-name\"><a class=\"forum-title\" href=\"https:\/\/www.e-thix.eu\/en\/forum\/forum\/medicaments\/\">Medicines<\/a><small class=\"forum-stats\">0 Topics&nbsp;&middot;&nbsp;0 Posts<\/small><small class=\"forum-lastpost-small\"><small class=\"no-topics\">No topics yet!<\/small><\/small><\/div><div class=\"forum-poster\"><small class=\"no-topics\">No topics yet!<\/small><\/div><\/div><div class=\"content-element forum\" id=\"forum-10\"><div class=\"forum-status read\"><i class=\"fas fa-comments\"><\/i><\/div><div class=\"forum-name\"><a class=\"forum-title\" href=\"https:\/\/www.e-thix.eu\/en\/forum\/forum\/formations-competences\/\">Training \/ Skills<\/a><small class=\"forum-stats\">0 Topics&nbsp;&middot;&nbsp;0 Posts<\/small><small class=\"forum-lastpost-small\"><small class=\"no-topics\">No topics yet!<\/small><\/small><\/div><div class=\"forum-poster\"><small class=\"no-topics\">No topics yet!<\/small><\/div><\/div><div class=\"content-element forum\" id=\"forum-11\"><div class=\"forum-status read\"><i class=\"fas fa-comments\"><\/i><\/div><div class=\"forum-name\"><a class=\"forum-title\" href=\"https:\/\/www.e-thix.eu\/en\/forum\/forum\/anesthesie-analgesie\/\">Anaesthesia \/ analgesia<\/a><small class=\"forum-stats\">0 Topics&nbsp;&middot;&nbsp;0 Posts<\/small><small class=\"forum-lastpost-small\"><small class=\"no-topics\">No topics yet!<\/small><\/small><\/div><div class=\"forum-poster\"><small class=\"no-topics\">No topics yet!<\/small><\/div><\/div><div class=\"content-element forum\" id=\"forum-12\"><div class=\"forum-status read\"><i class=\"fas fa-comments\"><\/i><\/div><div class=\"forum-name\"><a class=\"forum-title\" href=\"https:\/\/www.e-thix.eu\/en\/forum\/forum\/comites-dethique\/\">Ethics committees<\/a><small class=\"forum-stats\">0 Topics&nbsp;&middot;&nbsp;0 Posts<\/small><small class=\"forum-lastpost-small\"><small class=\"no-topics\">No topics yet!<\/small><\/small><\/div><div class=\"forum-poster\"><small class=\"no-topics\">No topics yet!<\/small><\/div><\/div><div class=\"content-element forum\" id=\"forum-13\"><div class=\"forum-status read\"><i class=\"fas fa-comments\"><\/i><\/div><div class=\"forum-name\"><a class=\"forum-title\" href=\"https:\/\/www.e-thix.eu\/en\/forum\/forum\/methodes-alternatives-non-animales\/\">Alternative (non-animal) methods<\/a><small class=\"forum-stats\">0 Topics&nbsp;&middot;&nbsp;0 Posts<\/small><small class=\"forum-lastpost-small\"><small class=\"no-topics\">No topics yet!<\/small><\/small><\/div><div class=\"forum-poster\"><small class=\"no-topics\">No topics yet!<\/small><\/div><\/div><div class=\"content-element forum\" id=\"forum-14\"><div class=\"forum-status read\"><i class=\"fas fa-comments\"><\/i><\/div><div class=\"forum-name\"><a class=\"forum-title\" href=\"https:\/\/www.e-thix.eu\/en\/forum\/forum\/autres-sujets\/\">Other topics<\/a><small class=\"forum-stats\">0 Topics&nbsp;&middot;&nbsp;0 Posts<\/small><small class=\"forum-lastpost-small\"><small class=\"no-topics\">No topics yet!<\/small><\/small><\/div><div class=\"forum-poster\"><small class=\"no-topics\">No topics yet!<\/small><\/div><\/div><\/div><div id=\"read-unread\"><span class=\"indicator unread\"><\/span><span class=\"indicator-label\">New posts<\/span><span class=\"indicator read\"><\/span><span class=\"indicator-label\">Nothing new<\/span><span class=\"indicator-label\"><span class=\"fas fa-check\"><\/span><a href=\"https:\/\/www.e-thix.eu\/en\/forum\/markallread\/?_wpnonce=3b9ef436b7\">Mark All Read<\/a><\/span><span class=\"indicator-label\"><span class=\"fas fa-history\"><\/span><a href=\"https:\/\/www.e-thix.eu\/en\/forum\/unread\/\">Show Unread Topics<\/a><\/span><div class=\"clear\"><\/div><\/div><div id=\"bottom-navigation\"><\/div><div class=\"clear\"><\/div><\/div>","protected":false},"excerpt":{"rendered":"<p>Bienvenue sur notre forum de discussion s\u00e9curis\u00e9 Cet espace est con\u00e7u pour vous permettre d\u2019\u00e9changer librement et en toute s\u00e9curit\u00e9 autour de vos exp\u00e9riences, id\u00e9es et questions. Que vous soyez ici pour partager vos pratiques ou trouver des solutions \u00e0 vos d\u00e9fis, ce forum est le lieu id\u00e9al pour construire une communaut\u00e9 d\u2019entraide et de [&hellip;]<\/p>\n","protected":false},"author":1,"featured_media":0,"parent":0,"menu_order":50,"comment_status":"closed","ping_status":"closed","template":"page-forum.php","meta":{"_acf_changed":false,"footnotes":""},"class_list":["post-134","page","type-page","status-publish","hentry"],"acf":[],"yoast_head":"<!-- This site is optimized with the Yoast SEO plugin v27.2 - https:\/\/yoast.com\/product\/yoast-seo-wordpress\/ -->\n<title>Forum - e-thiX education<\/title>\n<meta name=\"description\" content=\"Que vous soyez ici pour partager vos pratiques ou trouver des solutions \u00e0 vos d\u00e9fis, ce forum est le lieu id\u00e9al pour construire une communaut\u00e9 d\u2019entraide et de r\u00e9flexion.\" \/>\n<meta name=\"robots\" content=\"index, follow, max-snippet:-1, max-image-preview:large, max-video-preview:-1\" \/>\n<link rel=\"canonical\" href=\"https:\/\/www.e-thix.eu\/en\/forum\/\" \/>\n<meta property=\"og:locale\" content=\"en_GB\" \/>\n<meta property=\"og:type\" content=\"article\" \/>\n<meta property=\"og:title\" content=\"Forum - e-thiX education\" \/>\n<meta property=\"og:description\" content=\"Que vous soyez ici pour partager vos pratiques ou trouver des solutions \u00e0 vos d\u00e9fis, ce forum est le lieu id\u00e9al pour construire une communaut\u00e9 d\u2019entraide et de r\u00e9flexion.\" \/>\n<meta property=\"og:url\" content=\"https:\/\/www.e-thix.eu\/en\/forum\/\" \/>\n<meta property=\"og:site_name\" content=\"e-thiX education\" \/>\n<meta property=\"article:modified_time\" content=\"2024-11-28T14:10:04+00:00\" \/>\n<meta name=\"twitter:card\" content=\"summary_large_image\" \/>\n<meta name=\"twitter:label1\" content=\"Estimated reading time\" \/>\n\t<meta name=\"twitter:data1\" content=\"1 minute\" \/>\n<script type=\"application\/ld+json\" class=\"yoast-schema-graph\">{\"@context\":\"https:\/\/schema.org\",\"@graph\":[{\"@type\":\"WebPage\",\"@id\":\"https:\/\/www.e-thix.eu\/forum\/\",\"url\":\"https:\/\/www.e-thix.eu\/forum\/\",\"name\":\"Forum - e-thiX education\",\"isPartOf\":{\"@id\":\"https:\/\/www.e-thix.eu\/#website\"},\"datePublished\":\"2024-09-25T12:52:12+00:00\",\"dateModified\":\"2024-11-28T14:10:04+00:00\",\"description\":\"Que vous soyez ici pour partager vos pratiques ou trouver des solutions \u00e0 vos d\u00e9fis, ce forum est le lieu id\u00e9al pour construire une communaut\u00e9 d\u2019entraide et de r\u00e9flexion.\",\"breadcrumb\":{\"@id\":\"https:\/\/www.e-thix.eu\/forum\/#breadcrumb\"},\"inLanguage\":\"en-GB\",\"potentialAction\":[{\"@type\":\"ReadAction\",\"target\":[\"https:\/\/www.e-thix.eu\/forum\/\"]}]},{\"@type\":\"BreadcrumbList\",\"@id\":\"https:\/\/www.e-thix.eu\/forum\/#breadcrumb\",\"itemListElement\":[{\"@type\":\"ListItem\",\"position\":1,\"name\":\"Accueil\",\"item\":\"https:\/\/www.e-thix.eu\/\"},{\"@type\":\"ListItem\",\"position\":2,\"name\":\"Forum\"}]},{\"@type\":\"WebSite\",\"@id\":\"https:\/\/www.e-thix.eu\/#website\",\"url\":\"https:\/\/www.e-thix.eu\/\",\"name\":\"e-thiX education\",\"description\":\"La connaissance \u00e0 port\u00e9e de main\",\"publisher\":{\"@id\":\"https:\/\/www.e-thix.eu\/#organization\"},\"potentialAction\":[{\"@type\":\"SearchAction\",\"target\":{\"@type\":\"EntryPoint\",\"urlTemplate\":\"https:\/\/www.e-thix.eu\/?s={search_term_string}\"},\"query-input\":{\"@type\":\"PropertyValueSpecification\",\"valueRequired\":true,\"valueName\":\"search_term_string\"}}],\"inLanguage\":\"en-GB\"},{\"@type\":\"Organization\",\"@id\":\"https:\/\/www.e-thix.eu\/#organization\",\"name\":\"e-thiX education\",\"url\":\"https:\/\/www.e-thix.eu\/\",\"logo\":{\"@type\":\"ImageObject\",\"inLanguage\":\"en-GB\",\"@id\":\"https:\/\/www.e-thix.eu\/#\/schema\/logo\/image\/\",\"url\":\"https:\/\/www.e-thix.eu\/wp-content\/uploads\/2024\/10\/logo_light_h.svg\",\"contentUrl\":\"https:\/\/www.e-thix.eu\/wp-content\/uploads\/2024\/10\/logo_light_h.svg\",\"caption\":\"e-thiX education\"},\"image\":{\"@id\":\"https:\/\/www.e-thix.eu\/#\/schema\/logo\/image\/\"}}]}<\/script>\n<!-- \/ Yoast SEO plugin. -->","yoast_head_json":{"title":"Forum - e-thiX education","description":"Whether you're here to share your practices or find solutions to your challenges, this forum is the ideal place to build a community of mutual support and reflection.","robots":{"index":"index","follow":"follow","max-snippet":"max-snippet:-1","max-image-preview":"max-image-preview:large","max-video-preview":"max-video-preview:-1"},"canonical":"https:\/\/www.e-thix.eu\/en\/forum\/","og_locale":"en_GB","og_type":"article","og_title":"Forum - e-thiX education","og_description":"Que vous soyez ici pour partager vos pratiques ou trouver des solutions \u00e0 vos d\u00e9fis, ce forum est le lieu id\u00e9al pour construire une communaut\u00e9 d\u2019entraide et de r\u00e9flexion.","og_url":"https:\/\/www.e-thix.eu\/en\/forum\/","og_site_name":"e-thiX education","article_modified_time":"2024-11-28T14:10:04+00:00","twitter_card":"summary_large_image","twitter_misc":{"Estimated reading time":"1 minute"},"schema":{"@context":"https:\/\/schema.org","@graph":[{"@type":"WebPage","@id":"https:\/\/www.e-thix.eu\/forum\/","url":"https:\/\/www.e-thix.eu\/forum\/","name":"Forum - e-thiX education","isPartOf":{"@id":"https:\/\/www.e-thix.eu\/#website"},"datePublished":"2024-09-25T12:52:12+00:00","dateModified":"2024-11-28T14:10:04+00:00","description":"Whether you're here to share your practices or find solutions to your challenges, this forum is the ideal place to build a community of mutual support and reflection.","breadcrumb":{"@id":"https:\/\/www.e-thix.eu\/forum\/#breadcrumb"},"inLanguage":"en-GB","potentialAction":[{"@type":"ReadAction","target":["https:\/\/www.e-thix.eu\/forum\/"]}]},{"@type":"BreadcrumbList","@id":"https:\/\/www.e-thix.eu\/forum\/#breadcrumb","itemListElement":[{"@type":"ListItem","position":1,"name":"Accueil","item":"https:\/\/www.e-thix.eu\/"},{"@type":"ListItem","position":2,"name":"Forum"}]},{"@type":"WebSite","@id":"https:\/\/www.e-thix.eu\/#website","url":"https:\/\/www.e-thix.eu\/","name":"e-thiX education","description":"Knowledge at your fingertips","publisher":{"@id":"https:\/\/www.e-thix.eu\/#organization"},"potentialAction":[{"@type":"SearchAction","target":{"@type":"EntryPoint","urlTemplate":"https:\/\/www.e-thix.eu\/?s={search_term_string}"},"query-input":{"@type":"PropertyValueSpecification","valueRequired":true,"valueName":"search_term_string"}}],"inLanguage":"en-GB"},{"@type":"Organization","@id":"https:\/\/www.e-thix.eu\/#organization","name":"e-thiX education","url":"https:\/\/www.e-thix.eu\/","logo":{"@type":"ImageObject","inLanguage":"en-GB","@id":"https:\/\/www.e-thix.eu\/#\/schema\/logo\/image\/","url":"https:\/\/www.e-thix.eu\/wp-content\/uploads\/2024\/10\/logo_light_h.svg","contentUrl":"https:\/\/www.e-thix.eu\/wp-content\/uploads\/2024\/10\/logo_light_h.svg","caption":"e-thiX education"},"image":{"@id":"https:\/\/www.e-thix.eu\/#\/schema\/logo\/image\/"}}]}},"_links":{"self":[{"href":"https:\/\/www.e-thix.eu\/en\/wp-json\/wp\/v2\/pages\/134","targetHints":{"allow":["GET"]}}],"collection":[{"href":"https:\/\/www.e-thix.eu\/en\/wp-json\/wp\/v2\/pages"}],"about":[{"href":"https:\/\/www.e-thix.eu\/en\/wp-json\/wp\/v2\/types\/page"}],"author":[{"embeddable":true,"href":"https:\/\/www.e-thix.eu\/en\/wp-json\/wp\/v2\/users\/1"}],"replies":[{"embeddable":true,"href":"https:\/\/www.e-thix.eu\/en\/wp-json\/wp\/v2\/comments?post=134"}],"version-history":[{"count":3,"href":"https:\/\/www.e-thix.eu\/en\/wp-json\/wp\/v2\/pages\/134\/revisions"}],"predecessor-version":[{"id":1052,"href":"https:\/\/www.e-thix.eu\/en\/wp-json\/wp\/v2\/pages\/134\/revisions\/1052"}],"wp:attachment":[{"href":"https:\/\/www.e-thix.eu\/en\/wp-json\/wp\/v2\/media?parent=134"}],"curies":[{"name":"wp","href":"https:\/\/api.w.org\/{rel}","templated":true}]}}