{"id":130,"date":"2024-09-25T15:14:00","date_gmt":"2024-09-25T13:14:00","guid":{"rendered":"https:\/\/www.e-thix.eu\/?page_id=130"},"modified":"2025-01-23T12:03:33","modified_gmt":"2025-01-23T11:03:33","slug":"contact","status":"publish","type":"page","link":"https:\/\/www.e-thix.eu\/en\/contact\/","title":{"rendered":"Find out more"},"content":{"rendered":"","protected":false},"excerpt":{"rendered":"","protected":false},"author":1,"featured_media":0,"parent":0,"menu_order":30,"comment_status":"closed","ping_status":"closed","template":"","meta":{"_acf_changed":false,"footnotes":""},"class_list":["post-130","page","type-page","status-publish","hentry"],"acf":[],"yoast_head":"<!-- This site is optimized with the Yoast SEO plugin v27.2 - https:\/\/yoast.com\/product\/yoast-seo-wordpress\/ -->\n<title>Nous d\u00e9couvrir - e-thiX education<\/title>\n<meta name=\"description\" content=\"L\u2019\u00e9quipe d\u2019e-thiX education s\u2019est donn\u00e9 pour mission d\u2019allier \u00e9thique, p\u00e9dagogie et expertise, en proposant des formations de qualit\u00e9 qui int\u00e8grent les meilleures pratiques scientifiques, tout en pla\u00e7ant le respect de l\u2019animal au c\u0153ur de ses pr\u00e9occupations.\" \/>\n<meta name=\"robots\" content=\"index, follow, max-snippet:-1, max-image-preview:large, max-video-preview:-1\" \/>\n<link rel=\"canonical\" href=\"https:\/\/www.e-thix.eu\/en\/contact\/\" \/>\n<meta property=\"og:locale\" content=\"en_GB\" \/>\n<meta property=\"og:type\" content=\"article\" \/>\n<meta property=\"og:title\" content=\"Nous d\u00e9couvrir - e-thiX education\" \/>\n<meta property=\"og:description\" content=\"L\u2019\u00e9quipe d\u2019e-thiX education s\u2019est donn\u00e9 pour mission d\u2019allier \u00e9thique, p\u00e9dagogie et expertise, en proposant des formations de qualit\u00e9 qui int\u00e8grent les meilleures pratiques scientifiques, tout en pla\u00e7ant le respect de l\u2019animal au c\u0153ur de ses pr\u00e9occupations.\" \/>\n<meta property=\"og:url\" content=\"https:\/\/www.e-thix.eu\/en\/contact\/\" \/>\n<meta property=\"og:site_name\" content=\"e-thiX education\" \/>\n<meta property=\"article:modified_time\" content=\"2025-01-23T11:03:33+00:00\" \/>\n<meta name=\"twitter:card\" content=\"summary_large_image\" \/>\n<meta name=\"twitter:label1\" content=\"Estimated reading time\" \/>\n\t<meta name=\"twitter:data1\" content=\"5 minutes\" \/>\n<script type=\"application\/ld+json\" class=\"yoast-schema-graph\">{\"@context\":\"https:\/\/schema.org\",\"@graph\":[{\"@type\":\"WebPage\",\"@id\":\"https:\/\/www.e-thix.eu\/contact\/\",\"url\":\"https:\/\/www.e-thix.eu\/contact\/\",\"name\":\"Nous d\u00e9couvrir - e-thiX education\",\"isPartOf\":{\"@id\":\"https:\/\/www.e-thix.eu\/#website\"},\"datePublished\":\"2024-09-25T13:14:00+00:00\",\"dateModified\":\"2025-01-23T11:03:33+00:00\",\"description\":\"L\u2019\u00e9quipe d\u2019e-thiX education s\u2019est donn\u00e9 pour mission d\u2019allier \u00e9thique, p\u00e9dagogie et expertise, en proposant des formations de qualit\u00e9 qui int\u00e8grent les meilleures pratiques scientifiques, tout en pla\u00e7ant le respect de l\u2019animal au c\u0153ur de ses pr\u00e9occupations.\",\"breadcrumb\":{\"@id\":\"https:\/\/www.e-thix.eu\/contact\/#breadcrumb\"},\"inLanguage\":\"en-GB\",\"potentialAction\":[{\"@type\":\"ReadAction\",\"target\":[\"https:\/\/www.e-thix.eu\/contact\/\"]}]},{\"@type\":\"BreadcrumbList\",\"@id\":\"https:\/\/www.e-thix.eu\/contact\/#breadcrumb\",\"itemListElement\":[{\"@type\":\"ListItem\",\"position\":1,\"name\":\"Accueil\",\"item\":\"https:\/\/www.e-thix.eu\/\"},{\"@type\":\"ListItem\",\"position\":2,\"name\":\"Nous d\u00e9couvrir\"}]},{\"@type\":\"WebSite\",\"@id\":\"https:\/\/www.e-thix.eu\/#website\",\"url\":\"https:\/\/www.e-thix.eu\/\",\"name\":\"e-thiX education\",\"description\":\"La connaissance \u00e0 port\u00e9e de main\",\"publisher\":{\"@id\":\"https:\/\/www.e-thix.eu\/#organization\"},\"potentialAction\":[{\"@type\":\"SearchAction\",\"target\":{\"@type\":\"EntryPoint\",\"urlTemplate\":\"https:\/\/www.e-thix.eu\/?s={search_term_string}\"},\"query-input\":{\"@type\":\"PropertyValueSpecification\",\"valueRequired\":true,\"valueName\":\"search_term_string\"}}],\"inLanguage\":\"en-GB\"},{\"@type\":\"Organization\",\"@id\":\"https:\/\/www.e-thix.eu\/#organization\",\"name\":\"e-thiX education\",\"url\":\"https:\/\/www.e-thix.eu\/\",\"logo\":{\"@type\":\"ImageObject\",\"inLanguage\":\"en-GB\",\"@id\":\"https:\/\/www.e-thix.eu\/#\/schema\/logo\/image\/\",\"url\":\"https:\/\/www.e-thix.eu\/wp-content\/uploads\/2024\/10\/logo_light_h.svg\",\"contentUrl\":\"https:\/\/www.e-thix.eu\/wp-content\/uploads\/2024\/10\/logo_light_h.svg\",\"caption\":\"e-thiX education\"},\"image\":{\"@id\":\"https:\/\/www.e-thix.eu\/#\/schema\/logo\/image\/\"}}]}<\/script>\n<!-- \/ Yoast SEO plugin. -->","yoast_head_json":{"title":"About us - e-thiX education","description":"The mission of the e-thiX education team is to combine ethics, pedagogy and expertise, by offering high-quality training that incorporates the best scientific practices, while placing respect for animals at the heart of its concerns.","robots":{"index":"index","follow":"follow","max-snippet":"max-snippet:-1","max-image-preview":"max-image-preview:large","max-video-preview":"max-video-preview:-1"},"canonical":"https:\/\/www.e-thix.eu\/en\/contact\/","og_locale":"en_GB","og_type":"article","og_title":"Nous d\u00e9couvrir - e-thiX education","og_description":"L\u2019\u00e9quipe d\u2019e-thiX education s\u2019est donn\u00e9 pour mission d\u2019allier \u00e9thique, p\u00e9dagogie et expertise, en proposant des formations de qualit\u00e9 qui int\u00e8grent les meilleures pratiques scientifiques, tout en pla\u00e7ant le respect de l\u2019animal au c\u0153ur de ses pr\u00e9occupations.","og_url":"https:\/\/www.e-thix.eu\/en\/contact\/","og_site_name":"e-thiX education","article_modified_time":"2025-01-23T11:03:33+00:00","twitter_card":"summary_large_image","twitter_misc":{"Estimated reading time":"5 minutes"},"schema":{"@context":"https:\/\/schema.org","@graph":[{"@type":"WebPage","@id":"https:\/\/www.e-thix.eu\/contact\/","url":"https:\/\/www.e-thix.eu\/contact\/","name":"About us - e-thiX education","isPartOf":{"@id":"https:\/\/www.e-thix.eu\/#website"},"datePublished":"2024-09-25T13:14:00+00:00","dateModified":"2025-01-23T11:03:33+00:00","description":"The mission of the e-thiX education team is to combine ethics, pedagogy and expertise, by offering high-quality training that incorporates the best scientific practices, while placing respect for animals at the heart of its concerns.","breadcrumb":{"@id":"https:\/\/www.e-thix.eu\/contact\/#breadcrumb"},"inLanguage":"en-GB","potentialAction":[{"@type":"ReadAction","target":["https:\/\/www.e-thix.eu\/contact\/"]}]},{"@type":"BreadcrumbList","@id":"https:\/\/www.e-thix.eu\/contact\/#breadcrumb","itemListElement":[{"@type":"ListItem","position":1,"name":"Accueil","item":"https:\/\/www.e-thix.eu\/"},{"@type":"ListItem","position":2,"name":"Nous d\u00e9couvrir"}]},{"@type":"WebSite","@id":"https:\/\/www.e-thix.eu\/#website","url":"https:\/\/www.e-thix.eu\/","name":"e-thiX education","description":"Knowledge at your fingertips","publisher":{"@id":"https:\/\/www.e-thix.eu\/#organization"},"potentialAction":[{"@type":"SearchAction","target":{"@type":"EntryPoint","urlTemplate":"https:\/\/www.e-thix.eu\/?s={search_term_string}"},"query-input":{"@type":"PropertyValueSpecification","valueRequired":true,"valueName":"search_term_string"}}],"inLanguage":"en-GB"},{"@type":"Organization","@id":"https:\/\/www.e-thix.eu\/#organization","name":"e-thiX education","url":"https:\/\/www.e-thix.eu\/","logo":{"@type":"ImageObject","inLanguage":"en-GB","@id":"https:\/\/www.e-thix.eu\/#\/schema\/logo\/image\/","url":"https:\/\/www.e-thix.eu\/wp-content\/uploads\/2024\/10\/logo_light_h.svg","contentUrl":"https:\/\/www.e-thix.eu\/wp-content\/uploads\/2024\/10\/logo_light_h.svg","caption":"e-thiX education"},"image":{"@id":"https:\/\/www.e-thix.eu\/#\/schema\/logo\/image\/"}}]}},"_links":{"self":[{"href":"https:\/\/www.e-thix.eu\/en\/wp-json\/wp\/v2\/pages\/130","targetHints":{"allow":["GET"]}}],"collection":[{"href":"https:\/\/www.e-thix.eu\/en\/wp-json\/wp\/v2\/pages"}],"about":[{"href":"https:\/\/www.e-thix.eu\/en\/wp-json\/wp\/v2\/types\/page"}],"author":[{"embeddable":true,"href":"https:\/\/www.e-thix.eu\/en\/wp-json\/wp\/v2\/users\/1"}],"replies":[{"embeddable":true,"href":"https:\/\/www.e-thix.eu\/en\/wp-json\/wp\/v2\/comments?post=130"}],"version-history":[{"count":4,"href":"https:\/\/www.e-thix.eu\/en\/wp-json\/wp\/v2\/pages\/130\/revisions"}],"predecessor-version":[{"id":1177,"href":"https:\/\/www.e-thix.eu\/en\/wp-json\/wp\/v2\/pages\/130\/revisions\/1177"}],"wp:attachment":[{"href":"https:\/\/www.e-thix.eu\/en\/wp-json\/wp\/v2\/media?parent=130"}],"curies":[{"name":"wp","href":"https:\/\/api.w.org\/{rel}","templated":true}]}}